{"id":14997,"date":"2011-12-13T17:30:20","date_gmt":"2011-12-13T17:30:20","guid":{"rendered":"http:\/\/da\u00f1ocerebral.es\/danio\/\/jose-ignacio-quemada-3\/"},"modified":"2024-04-12T14:02:33","modified_gmt":"2024-04-12T14:02:33","slug":"jose-ignacio-quemada-3","status":"publish","type":"page","link":"https:\/\/xn--daocerebral-2db.es\/ca\/el-teu-equip-de-tractament\/jose-ignacio-quemada-3\/","title":{"rendered":"Jos\u00e9 Ignacio Quemada"},"content":{"rendered":"<p><img decoding=\"async\" class=\"size-full wp-image-16197 alignleft\" src=\"http:\/\/xn--daocerebral-2db.es\/wp-content\/uploads\/2014\/07\/jos%C3%A9-ignacio-quemada.jpg\" alt=\"nacho_quemada\" \/><\/p>\n<h3>Responsable de la Xarxa Menni de Dany Cerebral<\/h3>\n<p>Porte vinculat al Servei de Dany Cerebral de l\u2019Hospital Aita Menni des de la seua inauguraci\u00f3 el 1992. All\u00f2 que comen\u00e7\u00e0 amb una col\u2022laboraci\u00f3 professional centrada en la Psiquiatria, hui s\u2019ha convertit en un gran projecte professional que suma reptes assistencials i de gesti\u00f3 en els Serveis de Dany Cerebral de les Germanes Hospital\u00e0ries.<\/p>\n<p>Estudi\u00ed Medicina a la UPV, m\u2019especialitz\u00ed en Psiquiatria al Regne Unit, en els hospitals de la regi\u00f3 de Cambridge. M\u00e9s tard curs\u00ed un M\u00e0ster en Ci\u00e8ncies a la Universitat de Cambridge. Retorn\u00ed a Bilbao per a treballar a l\u2019hospital de Basurto. Despr\u00e9s d\u2019un temps col\u2022laborant amb el projecte de Dany Cerebral de l\u2019Hospital Aita Menni, decid\u00ed assumir la responsabilitat d\u2019aquest nou Servei. Des d\u2019aleshores, hem anat creant una xarxa de serveis sanitaris i socials que d\u00f3na suport a les persones i a les fam\u00edlies amb dany cerebral. Lleg\u00ed la meua tesi doctoral a la UPV l\u2019any 2000.<\/p>\n<p>Aquest treball em posa en contacte constant amb dos temes que sempre m\u2019han motivat: la possibilitat d\u2019alleujar el sofriment de les persones i aprofundir en el funcionament de la ment humana. Amb el pas del temps, he desenvolupat el plaer creixent de treballar amb equips, entendre les seues din\u00e0miques i tractar d\u2019influir perqu\u00e8 els objectius individuals i els col\u2022lectius convergeixen.<\/p>\n<h4><strong>Formaci\u00f3 acad\u00e8mica<\/strong><\/h4>\n<p>_ Llicenciat en Medicina i Cirurgia per la Universitat del Pa\u00eds Basc, 1980-1986.<br \/>\n_ Especialista en Psiquiatria, format als hospitals de l\u2019\u00e0rea de Cambridge, Regne Unit. Doctor per la Universitat del Pa\u00eds Basc. Tesi dirigida pels Professors Jos\u00e9 Guim\u00f3n (Universitat del Pa\u00eds Basc) i Germ\u00e1n BerR\u00edos (Universitat de Canbridge), titulada \u201cTrastorns motors en la depressi\u00f3\u201d. Qualificaci\u00f3: Sobre\u00efxent Cum Laude, 2000.<br \/>\n_ M\u00e0ster en Ci\u00e8ncies per la Universitat de Cambridge, Regne Unit, 1995.<\/p>\n<h4><strong>Publicacions de fa poc<\/strong><\/h4>\n<p>_ De Francisco, M.L.; Portero, G.; Echebur\u00faa, E.; Quemada, J.L.: Guia para la evaluaci\u00f3n cl\u00ednicoforense del da\u00f1o ps\u00edquico consecutivo a los traumatismos craneoencef\u00e1licos. En: Cuadernos de Medicina Forense. Gener 2009 Vol. 15 N\u00ba 55. P\u00e0g. 37-54.<br \/>\n_ Quemada Ubis, J.L.; Sagasta Errasti, A,; Mar\u00edn Ojea, J.I.; P\u00e9rez Gonz\u00e1lez, A.F.: El pciente con da\u00f1o cerebral adquirido. En: Tratado de psicofarmacolog\u00eda. Bases y aplicaci\u00f3n cl\u00ednica 2\u00aa edici\u00f3; Edit. M\u00e9dica Panamericana, 2009. P\u00e0g 167-175.<br \/>\n_ Quemada, J. I.; De Francisco, M. L.; Echebur\u00faa, E.; Bulbena, A.: Impacto de las secuelas psiqui\u00e1tricas y neuropsicol\u00f3gicas de los traumatismos craneoencef\u00e1licos sobre la duraci\u00f3n de los tiempos legales. En: Actas Esp Psiquiatr 2010; 38 (2): 101-107.<\/p>\n<h4><strong>Activitat investigadora<\/strong><\/h4>\n<p>Els meus treballs d\u2019investigaci\u00f3 se centren en l\u2019estudi de les alteracions conductuals derivades del dany cerebral adquirit. Tesis dirigides:<br \/>\n_ Evaluaci\u00f3n Neuropsicol\u00f3gica de la Desinhibici\u00f3n Conductual en Pacientes con Da\u00f1o Cerebral Adquirido. S\u00e1nchez Cubillo, Ignacio. Universitat Complutense, 2010.<br \/>\n_ Aportaciones a la evaluaci\u00f3n cl\u00ednico-forense de secuelas neuropsiqui\u00e1tricas y neuropsicol\u00f3gicas de los traumatismos craneoencef\u00e1licos. Francisco Ma\u00edz, M L. UPV-EHU, 2007.<\/p>\n<h4><strong>Experi\u00e8ncia laboral<\/strong><\/h4>\n<p>Alumne intern<br \/>\nCursos 1984-85 i 1985-86: Monitor i terapeuta auxiliar a la Unitat d\u2019Hospital de dia de l\u2019Hospital Basurto.<br \/>\nMetge resident<br \/>\n&#8211; Fulbourn hospital. Psiquiatria d\u2019adults. Febrer de1988 a juliol de 1988.<br \/>\n&#8211; West Suffolk hospital. Psicogeriatria. Agost de1988 a gener de 1989.<br \/>\n&#8211; Fulbourn hospital. Psiquiatria d\u2019adults. Febrer de 1989 a juliol de 1989.<br \/>\n&#8211; Addenbrookes hospital. Unitat de trastorns afectius i de trastorns de l\u2019alimentaci\u00f3. Agost de 1989 a gener de 1990.<br \/>\n&#8211; Fulbourn hospital. Servei de Rehabilitaci\u00f3 Psiqui\u00e0trica. Febrer de 1990 a juliol de 1990.<br \/>\n&#8211; Fulbourn hospital. Psiquiatria d\u2019adults. Agost de 1990 a gener de 1991.<br \/>\n&#8211; Fulbourn hospital. Unitat de Psiquiatria infantil i Psiquiatria d\u2019adolescents. Febrer de 1991 a juliol de 1991.<br \/>\nMetge adjunt<br \/>\n&#8211; Metge adjunt inter\u00ed del Servei de Psiquiatria de l\u2019Hospital de Basurto, Bilbao (setembre de 1991 a setembre de 1994). Fins abril de 1993 estigu\u00ed a c\u00e0rrec de les Consultes Externes del Servei de Psiquiatria. El maig de 1993 comenc\u00ed a desenvolupar la meua tasca a la Unitat d\u2019Hospitalitzaci\u00f3 de l\u2019Hospital Aita Menni.<br \/>\nConsultor en Neuropsiquiatria<br \/>\n&#8211; Consultor en Neuropsiquiatria de la Unitat de Dany Cerebral de l\u2019Hospital Aita Menni de Mondrag\u00f3n des de novembre de 1992 a desembre de 1996. En particip\u00ed directament a la fase de planificaci\u00f3 mentre treballava al Regne Unit i mantingu\u00ed estret contacte amb professionals brit\u00e0nics que ens n\u2019oferiren supervisi\u00f3 in situ de forma regular.<br \/>\nServei de Dany Cerebral de l\u2019Hospital Aita Menni<br \/>\n&#8211; Cap del Servei de Dany Cerebral de l\u2019Hospital Aita Menni des de gener de 1997. Fou llavors que obrirem consultes ambulat\u00f2ries a Bilbao i Sant Sebasti\u00e0, i centres de dia a Bilbao, Sant Sebasti\u00e0, Guernica i Mondrag\u00f3n. Alguns en s\u00f3n de gesti\u00f3 pr\u00f2pia de l\u2019Hospital Aita Menni mentre que en altres hi col\u2022laborem amb una part del personal.<br \/>\n&#8211; Director de la Xarxa Menni de serveis de Dany Cerebral.<br \/>\n&#8211; Des de 2007 coordine la Xarxa Menni de Dany Cerebral, \u00e9s a dir, els Serveis de Dany Cerebral que tenen les Germanes Hospital\u00e0ries a Espanya.<\/p>\n<h4><strong>Idiomes<\/strong><\/h4>\n<p>-Angl\u00e9s<br \/>\n-Alemany<\/p>\n<h4><strong>Aficions<\/strong><\/h4>\n<p>M\u2019encisa el contacte amb la natura i l\u2019avistament d\u2019animals al seu h\u00e0bitat natural. Se\u2019m pot trobar fotografiant c\u00e9rvols a Cameros (La Rioja) o bussejant a Fuerteventura. El tennis i la bici de muntanya (en pla suau) s\u00f3n els esports als que em dedique en aquesta fase de la meua vida. Segons vaig espentant anys, m\u2019interessen m\u00e9s la hist\u00f2ria i l\u2019art; \u00e9s per aix\u00f2 que les escapades d\u2019interior estan cada volta m\u00e9s presents a la meua agenda.<\/p>\n","protected":false},"excerpt":{"rendered":"<p>Responsable de la Xarxa Menni de Dany Cerebral Porte vinculat al Servei de Dany Cerebral de l\u2019Hospital Aita Menni des de la seua inauguraci\u00f3 el 1992. All\u00f2 que comen\u00e7\u00e0 amb una col\u2022laboraci\u00f3 professional centrada en la Psiquiatria, hui s\u2019ha convertit en un gran projecte professional que suma reptes assistencials i de gesti\u00f3 en els Serveis&hellip;<\/p>\n","protected":false},"author":3,"featured_media":2987,"parent":15077,"menu_order":0,"comment_status":"closed","ping_status":"closed","template":"","meta":{"footnotes":""},"_links":{"self":[{"href":"https:\/\/xn--daocerebral-2db.es\/ca\/wp-json\/wp\/v2\/pages\/14997"}],"collection":[{"href":"https:\/\/xn--daocerebral-2db.es\/ca\/wp-json\/wp\/v2\/pages"}],"about":[{"href":"https:\/\/xn--daocerebral-2db.es\/ca\/wp-json\/wp\/v2\/types\/page"}],"author":[{"embeddable":true,"href":"https:\/\/xn--daocerebral-2db.es\/ca\/wp-json\/wp\/v2\/users\/3"}],"replies":[{"embeddable":true,"href":"https:\/\/xn--daocerebral-2db.es\/ca\/wp-json\/wp\/v2\/comments?post=14997"}],"version-history":[{"count":1,"href":"https:\/\/xn--daocerebral-2db.es\/ca\/wp-json\/wp\/v2\/pages\/14997\/revisions"}],"predecessor-version":[{"id":86510,"href":"https:\/\/xn--daocerebral-2db.es\/ca\/wp-json\/wp\/v2\/pages\/14997\/revisions\/86510"}],"up":[{"embeddable":true,"href":"https:\/\/xn--daocerebral-2db.es\/ca\/wp-json\/wp\/v2\/pages\/15077"}],"wp:featuredmedia":[{"embeddable":true,"href":"https:\/\/xn--daocerebral-2db.es\/ca\/wp-json\/wp\/v2\/media\/2987"}],"wp:attachment":[{"href":"https:\/\/xn--daocerebral-2db.es\/ca\/wp-json\/wp\/v2\/media?parent=14997"}],"curies":[{"name":"wp","href":"https:\/\/api.w.org\/{rel}","templated":true}]}}