{"id":14993,"date":"2011-12-13T17:24:54","date_gmt":"2011-12-13T17:24:54","guid":{"rendered":"http:\/\/da\u00f1ocerebral.es\/danio\/\/on-estem\/"},"modified":"2026-05-06T10:13:25","modified_gmt":"2026-05-06T10:13:25","slug":"on-estem","status":"publish","type":"page","link":"https:\/\/xn--daocerebral-2db.es\/ca\/on-estem\/","title":{"rendered":"On estem"},"content":{"rendered":"<div class=\"wpb-content-wrapper\"><p>[vc_row][vc_column][vc_raw_html]JTVCcHV0X3dwZ20lMjBpZCUzRDElNUQ=[\/vc_raw_html][\/vc_column][\/vc_row][vc_row][vc_column]<div id=\"ultimate-heading-157769fbca470a598\" class=\"uvc-heading ult-adjust-bottom-margin ultimate-heading-157769fbca470a598 uvc-6450  uvc-heading-default-font-sizes\" data-hspacer=\"no_spacer\"  data-halign=\"left\" style=\"text-align:left\"><div class=\"uvc-heading-spacer no_spacer\" style=\"top\"><\/div><div class=\"uvc-main-heading ult-responsive\"  data-ultimate-target='.uvc-heading.ultimate-heading-157769fbca470a598 h2'  data-responsive-json-new='{\"font-size\":\"\",\"line-height\":\"\"}' ><h2 style=\"--font-weight:theme;margin-top:0px;margin-bottom:20px;\">Pa\u00eds Vasco<\/h2><\/div><\/div>[\/vc_column][\/vc_row][vc_row][vc_column width=&#8221;1\/4&#8243;][vc_column_text]<\/p>\n<h5>Ospitalarioak Fundazioa Euskadi<\/h5>\n<p>Unidad de Neurorrehabilitaci\u00f3n y<br \/>\nDa\u00f1o Cerebral<br \/>\nGesalibar, 15<br \/>\n20500 ARRASATE-MONDRAG\u00d3N<br \/>\nTel: +34 943 794 411<\/p>\n<p>E-mail:<br \/>\n<a href=\"udc.euskadi@fundacionhospitalarias.org\" target=\"_blank\" rel=\"noopener\">udc.euskadi@fundacionhospitalarias.org<\/a><br \/>\nWeb: <a title=\"Escr\u00edbenos\" href=\"https:\/\/ospitalarioakfundazioaeuskadi.org\/\" target=\"_blank\" rel=\"noopener\">www.ospitalarioakfundazioaeuskadi.org<\/a>[\/vc_column_text][\/vc_column][vc_column width=&#8221;1\/4&#8243;][vc_column_text]<\/p>\n<h5>Centro de Neurorrehabilitaci\u00f3n<\/h5>\n<p>C\/ Ega\u00f1a, 10<br \/>\n48010 BILBAO<br \/>\nTel: +34 944 434 927<\/p>\n<p>E-mail:<br \/>\n<a title=\"Escr\u00edbenos\" href=\"mailto:cener.euskadi@fundacionhospitalarias.org\">cener.euskadi@fundacionhospitalarias.org<\/a>[\/vc_column_text][\/vc_column][vc_column width=&#8221;1\/4&#8243;][vc_column_text]<\/p>\n<h5>Centro de D\u00eda para Personas con Discapacidad Neurol\u00f3gica<\/h5>\n<p>PARQUE EMPRESARIAL ZUATZU<br \/>\nZuatzu Kalea 8<br \/>\nEdificio Oria<br \/>\nPlanta Baja, locales 1 y 2<br \/>\n20018 Donostia-San Sebastian<br \/>\nTel: +34 943 224 401<\/p>\n<p>E-mail:<br \/>\n<a href=\"mailto:ouriarte.euskadi@fundacionhospitalarias.org\">ouriarte.euskadi@fundacionhospitalarias.org<\/a>[\/vc_column_text][\/vc_column][vc_column width=&#8221;1\/4&#8243;][vc_column_text]<\/p>\n<div class=\"one_fourth column-last\">\n<h5>Centro de D\u00eda para Personas con Discapacidad Neurol\u00f3gica<\/h5>\n<p>C\/ Azoka, 4<br \/>\n20008 ARRASATE-MONDRAG\u00d3N<br \/>\nTel: +34 943 792 807<\/p>\n<p>E-mail:<br \/>\n<a href=\"mailto:ouriarte.euskadi@fundacionhospitalarias.org\">ouriarte.euskadi@fundacionhospitalarias.org<\/a><\/p>\n<\/div>\n<p>[\/vc_column_text][\/vc_column][\/vc_row][vc_row][vc_column]<div id=\"ultimate-heading-563269fbca470a5f7\" class=\"uvc-heading ult-adjust-bottom-margin ultimate-heading-563269fbca470a5f7 uvc-2538  uvc-heading-default-font-sizes\" data-hspacer=\"no_spacer\"  data-halign=\"left\" style=\"text-align:left\"><div class=\"uvc-heading-spacer no_spacer\" style=\"top\"><\/div><div class=\"uvc-main-heading ult-responsive\"  data-ultimate-target='.uvc-heading.ultimate-heading-563269fbca470a5f7 h2'  data-responsive-json-new='{\"font-size\":\"\",\"line-height\":\"\"}' ><h2 style=\"--font-weight:theme;margin-top:0px;margin-bottom:20px;\">Canarias<\/h2><\/div><\/div>[\/vc_column][\/vc_row][vc_row][vc_column][vc_column_text]<\/p>\n<h5><b>Fundaci\u00f3n Hospitalarias Tenerife<\/b><\/h5>\n<p>Ctra. San Miguel de Geneto, 73<br \/>\n38296 San Crist\u00f3bal de La Laguna<br \/>\n(TENERIFE)<br \/>\nTel: +34\u00a0\u00a0922\u00a0\u00a0255 040<\/p>\n<p>Email:\u00a0<a href=\"mailto:malabargah.tenerife@fundacionhospitalarias.org\">malabargah.tenerife@fundacionhospitalarias.org<br \/>\n<\/a>Web:\u00a0<a href=\"http:\/\/www.fundacionhospitalariastenerife.org\/\" target=\"_blank\" rel=\"noopener\">www.fundacionhospitalariastenerife.org<\/a>[\/vc_column_text][\/vc_column][\/vc_row][vc_row][vc_column]<div id=\"ultimate-heading-411969fbca470a62f\" class=\"uvc-heading ult-adjust-bottom-margin ultimate-heading-411969fbca470a62f uvc-414  uvc-heading-default-font-sizes\" data-hspacer=\"no_spacer\"  data-halign=\"left\" style=\"text-align:left\"><div class=\"uvc-heading-spacer no_spacer\" style=\"top\"><\/div><div class=\"uvc-main-heading ult-responsive\"  data-ultimate-target='.uvc-heading.ultimate-heading-411969fbca470a62f h2'  data-responsive-json-new='{\"font-size\":\"\",\"line-height\":\"\"}' ><h2 style=\"--font-weight:theme;margin-top:0px;margin-bottom:20px;\">Cantabria<\/h2><\/div><\/div>[\/vc_column][\/vc_row][vc_row][vc_column][vc_column_text]<\/p>\n<h5>Fundaci\u00f3n Hospitalarias Cantabria<br \/>\nUnidad de Rehabilitaci\u00f3n Ambulatoria<\/h5>\n<p>Avda. de Cantabria, 52<br \/>\n39012\u00a0SANTANDER<br \/>\nTel: +34 942 390 060<\/p>\n<p>Persona de contacto: Carlos Rodr\u00edguez Melc\u00f3n<br \/>\nEmail:\u00a0<a href=\"consultas.cantabria@fundacionhospitalarias.org\" target=\"_blank\" rel=\"noopener\">consultas.cantabria@fundacionhospitalarias.org<\/a><br \/>\nWeb:\u00a0<a title=\"Visita la web\" href=\"https:\/\/www.fundacionhospitalariascantabria.org\/\" target=\"_blank\" rel=\"noopener\">www.fundacionhospitalariascantabria.org<\/a>[\/vc_column_text][\/vc_column][\/vc_row][vc_row][vc_column]<div id=\"ultimate-heading-883469fbca470a661\" class=\"uvc-heading ult-adjust-bottom-margin ultimate-heading-883469fbca470a661 uvc-7949  uvc-heading-default-font-sizes\" data-hspacer=\"no_spacer\"  data-halign=\"left\" style=\"text-align:left\"><div class=\"uvc-heading-spacer no_spacer\" style=\"top\"><\/div><div class=\"uvc-main-heading ult-responsive\"  data-ultimate-target='.uvc-heading.ultimate-heading-883469fbca470a661 h2'  data-responsive-json-new='{\"font-size\":\"\",\"line-height\":\"\"}' ><h2 style=\"--font-weight:theme;margin-top:0px;margin-bottom:20px;\">Madrid<\/h2><\/div><\/div>[\/vc_column][\/vc_row][vc_row][vc_column][vc_column_text]<\/p>\n<h5>Fundaci\u00f3n Hospitalarias Madrid -Unidad de Da\u00f1o Cerebral<\/h5>\n<p>Doctor Esquerdo, 83<br \/>\n28007 MADRID<br \/>\nTel: +34 914 090 903<\/p>\n<p>E-mail:\u00a0<a href=\"mailto:secretariaudc.madrid@fundacionhospitalarias.org\">secretariaudc.madrid@fundacionhospitalarias.org<\/a><br \/>\nWeb:\u00a0<a title=\"Visita la web\" href=\"http:\/\/www.fundacionhospitalariasmadrid.org\/\" target=\"_blank\" rel=\"noopener\">www.fundacionhospitalariasmadrid.org<\/a>[\/vc_column_text][\/vc_column][\/vc_row][vc_row][vc_column width=&#8221;1\/3&#8243;]<div id=\"ultimate-heading-418469fbca470a690\" class=\"uvc-heading ult-adjust-bottom-margin ultimate-heading-418469fbca470a690 uvc-8024  uvc-heading-default-font-sizes\" data-hspacer=\"no_spacer\"  data-halign=\"left\" style=\"text-align:left\"><div class=\"uvc-heading-spacer no_spacer\" style=\"top\"><\/div><div class=\"uvc-main-heading ult-responsive\"  data-ultimate-target='.uvc-heading.ultimate-heading-418469fbca470a690 h2'  data-responsive-json-new='{\"font-size\":\"\",\"line-height\":\"\"}' ><h2 style=\"--font-weight:theme;margin-top:0px;margin-bottom:20px;\">Catalu\u00f1a<\/h2><\/div><\/div>[vc_column_text]<\/p>\n<h5>Fundaci\u00f3 Hospital\u00e0ries Martorell<\/h5>\n<p>Av. Comte Llobregat, 117<br \/>\n08760 Martorell BARCELONA<\/p>\n<p>Tel:+34 937 752 200<br \/>\nE-mail:\u00a0<a href=\"mailto:hospital.FHMartorell@fundacionhospitalarias.org\">hospital.FHMartorell@fundacionhospitalarias.org<\/a><br \/>\nWeb: <a title=\"Visita web\" href=\"https:\/\/fundaciohospitalariesmartorell.org\" target=\"_blank\" rel=\"nofollow noopener\">fundaciohospitalariesmartorell.org<\/a>[\/vc_column_text][\/vc_column][vc_column width=&#8221;1\/3&#8243;]<div id=\"ultimate-heading-367269fbca470a6be\" class=\"uvc-heading ult-adjust-bottom-margin ultimate-heading-367269fbca470a6be uvc-5198  uvc-heading-default-font-sizes\" data-hspacer=\"no_spacer\"  data-halign=\"left\" style=\"text-align:left\"><div class=\"uvc-heading-spacer no_spacer\" style=\"top\"><\/div><div class=\"uvc-main-heading ult-responsive\"  data-ultimate-target='.uvc-heading.ultimate-heading-367269fbca470a6be h2'  data-responsive-json-new='{\"font-size\":\"\",\"line-height\":\"\"}' ><h2 style=\"--font-weight:theme;margin-top:0px;margin-bottom:20px;\">Valencia<\/h2><\/div><\/div>[vc_column_text]<\/p>\n<h5>Fundaci\u00f3n Hospitalarias Valencia &#8211;<br \/>\nUnidad de Da\u00f1o Cerebral<\/h5>\n<p>Eugenia Vi\u00f1es, 156<br \/>\n46011 VALENCIA<\/p>\n<p>Tel: +34 963 568 261<br \/>\nE-mail:\u00a0<a href=\"mailto:udc.valencia@fundacionhospitalarias.org\">udc.valencia@fundacionhospitalarias.org<\/a><br \/>\nWeb:\u00a0<a title=\"Ir a la web\" href=\"http:\/\/www.fundacionhospitalariasvalencia.org\" target=\"_blank\" rel=\"noopener\">www.fundacionhospitalariasvalencia.org<\/a>[\/vc_column_text][\/vc_column][vc_column width=&#8221;1\/3&#8243;]<div id=\"ultimate-heading-884769fbca470a6eb\" class=\"uvc-heading ult-adjust-bottom-margin ultimate-heading-884769fbca470a6eb uvc-364  uvc-heading-default-font-sizes\" data-hspacer=\"no_spacer\"  data-halign=\"left\" style=\"text-align:left\"><div class=\"uvc-heading-spacer no_spacer\" style=\"top\"><\/div><div class=\"uvc-main-heading ult-responsive\"  data-ultimate-target='.uvc-heading.ultimate-heading-884769fbca470a6eb h2'  data-responsive-json-new='{\"font-size\":\"\",\"line-height\":\"\"}' ><h2 style=\"--font-weight:theme;margin-top:0px;margin-bottom:20px;\">Valladolid<\/h2><\/div><\/div>[vc_column_text]<\/p>\n<h5>Centro Hospitalario Benito Menni- Unidad de Da\u00f1o Cerebral<\/h5>\n<p>P\u00ba Juan Carlos I, 10<br \/>\n47008 VALLADOLID<br \/>\nTel: +34 983 272 600<\/p>\n<p>E-mail:\u00a0<a href=\"mailto:bmartin.valladolid@hospitalarias.es\">bmartin.valladolid@hospitalarias.es<\/a><br \/>\nWeb:\u00a0<a title=\"Visita la web\" href=\"http:\/\/www.benitomenni.org\/\" target=\"_blank\" rel=\"noopener\">www.benitomenni.org<\/a>[\/vc_column_text][\/vc_column][\/vc_row]<\/p>\n<\/div>","protected":false},"excerpt":{"rendered":"<p>[vc_row][vc_column][vc_raw_html]JTVCcHV0X3dwZ20lMjBpZCUzRDElNUQ=[\/vc_raw_html][\/vc_column][\/vc_row][vc_row][vc_column][\/vc_column][\/vc_row][vc_row][vc_column width=&#8221;1\/4&#8243;][vc_column_text] Ospitalarioak Fundazioa Euskadi Unidad de Neurorrehabilitaci\u00f3n y Da\u00f1o Cerebral Gesalibar, 15 20500 ARRASATE-MONDRAG\u00d3N Tel: +34 943 794 411 E-mail: udc.euskadi@fundacionhospitalarias.org Web: www.ospitalarioakfundazioaeuskadi.org[\/vc_column_text][\/vc_column][vc_column width=&#8221;1\/4&#8243;][vc_column_text] Centro de Neurorrehabilitaci\u00f3n C\/ Ega\u00f1a, 10 48010 BILBAO Tel: +34 944 434 927 E-mail: cener.euskadi@fundacionhospitalarias.org[\/vc_column_text][\/vc_column][vc_column width=&#8221;1\/4&#8243;][vc_column_text] Centro de D\u00eda para Personas con Discapacidad Neurol\u00f3gica PARQUE EMPRESARIAL ZUATZU Zuatzu Kalea 8&hellip;<\/p>\n","protected":false},"author":2,"featured_media":0,"parent":0,"menu_order":89,"comment_status":"closed","ping_status":"closed","template":"","meta":{"footnotes":""},"_links":{"self":[{"href":"https:\/\/xn--daocerebral-2db.es\/ca\/wp-json\/wp\/v2\/pages\/14993"}],"collection":[{"href":"https:\/\/xn--daocerebral-2db.es\/ca\/wp-json\/wp\/v2\/pages"}],"about":[{"href":"https:\/\/xn--daocerebral-2db.es\/ca\/wp-json\/wp\/v2\/types\/page"}],"author":[{"embeddable":true,"href":"https:\/\/xn--daocerebral-2db.es\/ca\/wp-json\/wp\/v2\/users\/2"}],"replies":[{"embeddable":true,"href":"https:\/\/xn--daocerebral-2db.es\/ca\/wp-json\/wp\/v2\/comments?post=14993"}],"version-history":[{"count":2,"href":"https:\/\/xn--daocerebral-2db.es\/ca\/wp-json\/wp\/v2\/pages\/14993\/revisions"}],"predecessor-version":[{"id":98272,"href":"https:\/\/xn--daocerebral-2db.es\/ca\/wp-json\/wp\/v2\/pages\/14993\/revisions\/98272"}],"wp:attachment":[{"href":"https:\/\/xn--daocerebral-2db.es\/ca\/wp-json\/wp\/v2\/media?parent=14993"}],"curies":[{"name":"wp","href":"https:\/\/api.w.org\/{rel}","templated":true}]}}